{"id":54197,"date":"2026-05-08T14:54:05","date_gmt":"2026-05-08T19:54:05","guid":{"rendered":"https:\/\/douglasauctioneers.com\/auctions\/product\/lot-110-vaca-alvar-nunez-cabeza-de-the-narrative-of-alvar-nunez-cabeza-de-vaca-illustrated-by-michael-mccurdy-barre-massachusetts-the-imprint-society-1972-271-pp-8-%c2%bd-x-6\/"},"modified":"2026-05-08T14:54:05","modified_gmt":"2026-05-08T19:54:05","slug":"lot-110-vaca-alvar-nunez-cabeza-de-the-narrative-of-alvar-nunez-cabeza-de-vaca-illustrated-by-michael-mccurdy-barre-massachusetts-the-imprint-society-1972-271-pp-8-%c2%bd-x-6","status":"publish","type":"product","link":"https:\/\/douglasauctioneers.com\/auctions\/product\/lot-110-vaca-alvar-nunez-cabeza-de-the-narrative-of-alvar-nunez-cabeza-de-vaca-illustrated-by-michael-mccurdy-barre-massachusetts-the-imprint-society-1972-271-pp-8-%c2%bd-x-6\/","title":{"rendered":"LOT 110 VACA, ALVAR N\u00da\u00d1EZ CABEZA DE. THE NARRATIVE OF ALVAR N\u00da\u00d1EZ CABEZA DE VACA. ILLUSTRATED BY MICHAEL MCCURDY. BARRE, MASSACHUSETTS: THE IMPRINT SOCIETY, 1972. 271 PP. 8 \u00bd\u201d X 6\u201d, BOUND IN ONE-QUARTER LEATHER OVER PICTORIAL BOARDS, IN SLIPCASE. #28 OF 1950 COPIES. SIGNED BY ILLUSTRATOR."},"content":{"rendered":"","protected":false},"excerpt":{"rendered":"<p><a class=\"bid\" title=\"Place a Bid\" href=\"https:\/\/douglasauctioneers.com\/auctions\/?page_id=232\">Place a Bid<\/a><\/p>\n","protected":false},"featured_media":53751,"template":"","meta":[],"product_cat":[296],"product_tag":[78],"class_list":["post-54197","product","type-product","status-publish","has-post-thumbnail","hentry","product_cat-book-auction-fri-may-15-at-6-pm","product_tag-auction","entry"],"_links":{"self":[{"href":"https:\/\/douglasauctioneers.com\/auctions\/wp-json\/wp\/v2\/product\/54197","targetHints":{"allow":["GET"]}}],"collection":[{"href":"https:\/\/douglasauctioneers.com\/auctions\/wp-json\/wp\/v2\/product"}],"about":[{"href":"https:\/\/douglasauctioneers.com\/auctions\/wp-json\/wp\/v2\/types\/product"}],"wp:featuredmedia":[{"embeddable":true,"href":"https:\/\/douglasauctioneers.com\/auctions\/wp-json\/wp\/v2\/media\/53751"}],"wp:attachment":[{"href":"https:\/\/douglasauctioneers.com\/auctions\/wp-json\/wp\/v2\/media?parent=54197"}],"wp:term":[{"taxonomy":"product_cat","embeddable":true,"href":"https:\/\/douglasauctioneers.com\/auctions\/wp-json\/wp\/v2\/product_cat?post=54197"},{"taxonomy":"product_tag","embeddable":true,"href":"https:\/\/douglasauctioneers.com\/auctions\/wp-json\/wp\/v2\/product_tag?post=54197"}],"curies":[{"name":"wp","href":"https:\/\/api.w.org\/{rel}","templated":true}]}}